{"id":1578,"date":"2023-11-17T06:06:48","date_gmt":"2023-11-17T06:06:48","guid":{"rendered":"https:\/\/www.freimaurer.org\/impressum\/"},"modified":"2024-01-13T18:40:34","modified_gmt":"2024-01-13T18:40:34","slug":"imprint","status":"publish","type":"page","link":"https:\/\/www.freimaurer.org\/en\/imprint\/","title":{"rendered":"Imprint"},"content":{"rendered":"\t\t<div data-elementor-type=\"wp-page\" data-elementor-id=\"1578\" class=\"elementor elementor-1578 elementor-868\" data-elementor-post-type=\"page\">\n\t\t\t\t\t\t<section class=\"elementor-section elementor-top-section elementor-element elementor-element-0071641 elementor-section-height-min-height elementor-section-boxed elementor-section-height-default elementor-section-items-middle\" data-id=\"0071641\" data-element_type=\"section\" data-e-type=\"section\" data-settings=\"{&quot;background_background&quot;:&quot;classic&quot;}\">\n\t\t\t\t\t\t<div class=\"elementor-container elementor-column-gap-default\">\n\t\t\t\t\t<div class=\"elementor-column elementor-col-100 elementor-top-column elementor-element elementor-element-edc92d1\" data-id=\"edc92d1\" data-element_type=\"column\" data-e-type=\"column\">\n\t\t\t<div class=\"elementor-widget-wrap\">\n\t\t\t\t\t\t\t<\/div>\n\t\t<\/div>\n\t\t\t\t\t<\/div>\n\t\t<\/section>\n\t\t\t\t<section class=\"elementor-section elementor-top-section elementor-element elementor-element-86f1b55 elementor-section-boxed elementor-section-height-default elementor-section-height-default\" data-id=\"86f1b55\" data-element_type=\"section\" data-e-type=\"section\">\n\t\t\t\t\t\t<div class=\"elementor-container elementor-column-gap-default\">\n\t\t\t\t\t<div class=\"elementor-column elementor-col-100 elementor-top-column elementor-element elementor-element-36b16d3\" data-id=\"36b16d3\" data-element_type=\"column\" data-e-type=\"column\" data-settings=\"{&quot;background_background&quot;:&quot;classic&quot;}\">\n\t\t\t<div class=\"elementor-widget-wrap elementor-element-populated\">\n\t\t\t\t\t\t<section class=\"elementor-section elementor-inner-section elementor-element elementor-element-6b1ce3b elementor-section-boxed elementor-section-height-default elementor-section-height-default\" data-id=\"6b1ce3b\" data-element_type=\"section\" data-e-type=\"section\">\n\t\t\t\t\t\t<div class=\"elementor-container elementor-column-gap-default\">\n\t\t\t\t\t<div class=\"elementor-column elementor-col-100 elementor-inner-column elementor-element elementor-element-bb29a5c\" data-id=\"bb29a5c\" data-element_type=\"column\" data-e-type=\"column\" data-settings=\"{&quot;background_background&quot;:&quot;classic&quot;}\">\n\t\t\t<div class=\"elementor-widget-wrap elementor-element-populated\">\n\t\t\t\t\t\t<div class=\"elementor-element elementor-element-6bd82f7 elementor-widget elementor-widget-heading\" data-id=\"6bd82f7\" data-element_type=\"widget\" data-e-type=\"widget\" data-widget_type=\"heading.default\">\n\t\t\t\t<div class=\"elementor-widget-container\">\n\t\t\t\t\t<h2 class=\"elementor-heading-title elementor-size-default\">IMPRINT\u200b<\/h2>\t\t\t\t<\/div>\n\t\t\t\t<\/div>\n\t\t\t\t<div class=\"elementor-element elementor-element-3722340 elementor-widget elementor-widget-heading\" data-id=\"3722340\" data-element_type=\"widget\" data-e-type=\"widget\" data-widget_type=\"heading.default\">\n\t\t\t\t<div class=\"elementor-widget-container\">\n\t\t\t\t\t<h3 class=\"elementor-heading-title elementor-size-default\">(only available in german )<\/h3>\t\t\t\t<\/div>\n\t\t\t\t<\/div>\n\t\t\t\t<div class=\"elementor-element elementor-element-0e5715b elementor-widget-divider--view-line_text elementor-widget-divider--element-align-center elementor-widget elementor-widget-divider\" data-id=\"0e5715b\" data-element_type=\"widget\" data-e-type=\"widget\" data-widget_type=\"divider.default\">\n\t\t\t\t<div class=\"elementor-widget-container\">\n\t\t\t\t\t\t\t<div class=\"elementor-divider\">\n\t\t\t<span class=\"elementor-divider-separator\">\n\t\t\t\t\t\t\t<span class=\"elementor-divider__text elementor-divider__element\">\n\t\t\t\t...\t\t\t\t<\/span>\n\t\t\t\t\t\t<\/span>\n\t\t<\/div>\n\t\t\t\t\t\t<\/div>\n\t\t\t\t<\/div>\n\t\t\t\t<div class=\"elementor-element elementor-element-c70a9f4 elementor-widget elementor-widget-text-editor\" data-id=\"c70a9f4\" data-element_type=\"widget\" data-e-type=\"widget\" data-widget_type=\"text-editor.default\">\n\t\t\t\t<div class=\"elementor-widget-container\">\n\t\t\t\t\t\t\t\t\t<p>1. Angaben zur Verantwortlichen Stelle:<\/p>\n<p>Vereinigte Gro\u00dflogen von Deutschland<\/p>\n<p>Bruderschaft der Freimaurer e.V.<\/p>\n<p>Peter-Lenn\u00e9-Stra\u00dfe 1-3<br>14195 Berlin<br>Tel.: +49 (0) 30 \u2013 8614796<br>Fax: +49 (0) 30 \u2013 862 1164<br>E-Mail: <a href=\"mailto:info@freimaurer.org\">info@freimaurer.org<\/a><\/p>\n<p>Eingetragen in das Vereinsregister beim Amtsgericht Charlottenburg unter VR 2863.<br>Steuernummer 27\/646\/50597<br>Vertreten durch Herrn Michael Volkwein und Herrn Frank Mielke.<\/p><p><span style=\"text-align: center; font-family: var( --e-global-typography-text-font-family ), Sans-serif; font-weight: var( --e-global-typography-text-font-weight ); background-color: var( --e-global-color-2effda5 );\">Haftung f\u00fcr Inhalte<\/span><\/p>\n<p>Als Diensteanbieter sind wir f\u00fcr eigene Inhalte auf diesen Seiten nach den allgemeinen Gesetzen verantwortlich (gem\u00e4\u00df \u00a7 7 Abs.1 TMG). Wir sind als Diensteanbieter jedoch nicht verpflichtet, \u00fcbermittelte oder gespeicherte fremde Informationen zu \u00fcberwachen oder nach Umst\u00e4nden zu forschen, die auf eine rechtswidrige T\u00e4tigkeit hinweisen (\u00a78 bis \u00a710 TMG). Hiervon unber\u00fchrt bleiben Verpflichtungen zur Entfernung oder Sperrung der Nutzung von Informationen nach den allgemeinen Gesetzen. Eine diesbez\u00fcgliche Haftung ist jedoch erst ab dem Zeitpunkt der Kenntnis einer konkreten Rechtsverletzung m\u00f6glich. Bei Bekanntwerden von entsprechenden Rechtsverletzungen werden wir diese Inhalte umgehend entfernen.<\/p><p><span style=\"text-align: center; font-family: var( --e-global-typography-text-font-family ), Sans-serif; font-weight: var( --e-global-typography-text-font-weight ); background-color: var( --e-global-color-2effda5 );\">Haftung f\u00fcr Links<\/span><\/p>\n<p>Unser Angebot enth\u00e4lt Links zu externen Websites Dritter, auf deren Inhalte wir keinen Einfluss haben. Deshalb k\u00f6nnen wir f\u00fcr diese fremden Inhalte auch keine Gew\u00e4hr \u00fcbernehmen. F\u00fcr die Inhalte der verlinkten Seiten ist stets der jeweilige Anbieter oder Betreiber der Seiten verantwortlich. Die verlinkten Seiten wurden zum Zeitpunkt der Verlinkung auf m\u00f6gliche Rechtsverst\u00f6\u00dfe \u00fcberpr\u00fcft. Rechtswidrige Inhalte waren zum Zeitpunkt der Verlinkung nicht erkennbar. Eine permanente inhaltliche Kontrolle der verlinkten Seiten ist jedoch ohne konkrete Anhaltspunkte einer Rechtsverletzung nicht zumutbar. Bei Bekanntwerden von Rechtsverletzungen werden wir derartige Links umgehend entfernen.<\/p>\t\t\t\t\t\t\t\t<\/div>\n\t\t\t\t<\/div>\n\t\t\t\t\t<\/div>\n\t\t<\/div>\n\t\t\t\t\t<\/div>\n\t\t<\/section>\n\t\t\t\t\t<\/div>\n\t\t<\/div>\n\t\t\t\t\t<\/div>\n\t\t<\/section>\n\t\t\t\t<\/div>\n\t\t","protected":false},"excerpt":{"rendered":"<p>IMPRINT\u200b (only available in german ) &#8230; 1. Angaben zur Verantwortlichen Stelle: Vereinigte Gro\u00dflogen von Deutschland Bruderschaft der Freimaurer e.V. Peter-Lenn\u00e9-Stra\u00dfe 1-3 14195 Berlin Tel.: +49 (0) 30 \u2013 8614796 Fax: +49 (0) 30 \u2013 862 1164 E-Mail: info@freimaurer.org Eingetragen in das Vereinsregister beim Amtsgericht Charlottenburg unter VR 2863. Steuernummer 27\/646\/50597 Vertreten durch Herrn Michael [&hellip;]<\/p>\n","protected":false},"author":3,"featured_media":6168,"parent":0,"menu_order":0,"comment_status":"closed","ping_status":"closed","template":"","meta":{"footnotes":""},"class_list":["post-1578","page","type-page","status-publish","has-post-thumbnail","hentry"],"aioseo_notices":[],"_links":{"self":[{"href":"https:\/\/www.freimaurer.org\/en\/wp-json\/wp\/v2\/pages\/1578","targetHints":{"allow":["GET"]}}],"collection":[{"href":"https:\/\/www.freimaurer.org\/en\/wp-json\/wp\/v2\/pages"}],"about":[{"href":"https:\/\/www.freimaurer.org\/en\/wp-json\/wp\/v2\/types\/page"}],"author":[{"embeddable":true,"href":"https:\/\/www.freimaurer.org\/en\/wp-json\/wp\/v2\/users\/3"}],"replies":[{"embeddable":true,"href":"https:\/\/www.freimaurer.org\/en\/wp-json\/wp\/v2\/comments?post=1578"}],"version-history":[{"count":27,"href":"https:\/\/www.freimaurer.org\/en\/wp-json\/wp\/v2\/pages\/1578\/revisions"}],"predecessor-version":[{"id":6238,"href":"https:\/\/www.freimaurer.org\/en\/wp-json\/wp\/v2\/pages\/1578\/revisions\/6238"}],"wp:featuredmedia":[{"embeddable":true,"href":"https:\/\/www.freimaurer.org\/en\/wp-json\/wp\/v2\/media\/6168"}],"wp:attachment":[{"href":"https:\/\/www.freimaurer.org\/en\/wp-json\/wp\/v2\/media?parent=1578"}],"curies":[{"name":"wp","href":"https:\/\/api.w.org\/{rel}","templated":true}]}}