{"id":7761,"date":"2024-06-04T23:43:41","date_gmt":"2024-06-04T21:43:41","guid":{"rendered":"https:\/\/www.freimaurer.org\/?page_id=7761"},"modified":"2024-08-29T00:46:46","modified_gmt":"2024-08-28T22:46:46","slug":"abstimmung-erfolgreich","status":"publish","type":"page","link":"https:\/\/www.freimaurer.org\/en\/abstimmung-erfolgreich\/","title":{"rendered":"Abstimmung Erfolgreich"},"content":{"rendered":"\t\t<div data-elementor-type=\"wp-page\" data-elementor-id=\"7761\" class=\"elementor elementor-7761\" data-elementor-post-type=\"page\">\n\t\t\t\t\t\t<section class=\"elementor-section elementor-top-section elementor-element elementor-element-b1f62f9 elementor-section-boxed elementor-section-height-default elementor-section-height-default\" data-id=\"b1f62f9\" data-element_type=\"section\" data-e-type=\"section\" data-settings=\"{&quot;background_background&quot;:&quot;classic&quot;}\">\n\t\t\t\t\t\t<div class=\"elementor-container elementor-column-gap-default\">\n\t\t\t\t\t<div class=\"elementor-column elementor-col-100 elementor-top-column elementor-element elementor-element-2858df0\" data-id=\"2858df0\" data-element_type=\"column\" data-e-type=\"column\" data-settings=\"{&quot;background_background&quot;:&quot;classic&quot;}\">\n\t\t\t<div class=\"elementor-widget-wrap elementor-element-populated\">\n\t\t\t\t\t\t<section class=\"elementor-section elementor-inner-section elementor-element elementor-element-f3ad6d9 elementor-section-boxed elementor-section-height-default elementor-section-height-default\" data-id=\"f3ad6d9\" data-element_type=\"section\" data-e-type=\"section\">\n\t\t\t\t\t\t<div class=\"elementor-container elementor-column-gap-default\">\n\t\t\t\t\t<div class=\"elementor-column elementor-col-100 elementor-inner-column elementor-element elementor-element-de0d923\" data-id=\"de0d923\" data-element_type=\"column\" data-e-type=\"column\">\n\t\t\t<div class=\"elementor-widget-wrap elementor-element-populated\">\n\t\t\t\t\t\t<div class=\"elementor-element elementor-element-bb552df x-bg elementor-widget-mobile__width-initial elementor-widget elementor-widget-heading\" data-id=\"bb552df\" data-element_type=\"widget\" data-e-type=\"widget\" data-widget_type=\"heading.default\">\n\t\t\t\t<div class=\"elementor-widget-container\">\n\t\t\t\t\t<h1 class=\"elementor-heading-title elementor-size-default\">Deine Stimmabgabe wurde \u00fcbermittelt.<\/h1>\t\t\t\t<\/div>\n\t\t\t\t<\/div>\n\t\t\t\t<div class=\"elementor-element elementor-element-46dadaa elementor-widget__width-initial elementor-widget-mobile__width-initial elementor-widget elementor-widget-image\" data-id=\"46dadaa\" data-element_type=\"widget\" data-e-type=\"widget\" data-widget_type=\"image.default\">\n\t\t\t\t<div class=\"elementor-widget-container\">\n\t\t\t\t\t\t\t\t\t\t\t\t\t\t\t<img fetchpriority=\"high\" decoding=\"async\" width=\"603\" height=\"236\" src=\"data:image\/gif;base64,R0lGODlhAQABAIAAAAAAAP\/\/\/yH5BAEAAAAALAAAAAABAAEAAAIBRAA7\" data-src=\"https:\/\/www.freimaurer.org\/wp-content\/uploads\/2024\/05\/bestaetigung.png\" class=\"attachment-large size-large wp-image-7705 lazyload\" alt=\"\" data-srcset=\"https:\/\/www.freimaurer.org\/wp-content\/uploads\/2024\/05\/bestaetigung.png 603w, https:\/\/www.freimaurer.org\/wp-content\/uploads\/2024\/05\/bestaetigung-300x117.png 300w\" sizes=\"(max-width: 603px) 100vw, 603px\" \/><noscript><img decoding=\"async\" width=\"603\" height=\"236\" src=\"https:\/\/www.freimaurer.org\/wp-content\/uploads\/2024\/05\/bestaetigung.png\" class=\"attachment-large size-large wp-image-7705 lazyload\" alt=\"\" srcset=\"https:\/\/www.freimaurer.org\/wp-content\/uploads\/2024\/05\/bestaetigung.png 603w, https:\/\/www.freimaurer.org\/wp-content\/uploads\/2024\/05\/bestaetigung-300x117.png 300w\" sizes=\"(max-width: 603px) 100vw, 603px\" \/><\/noscript>\t\t\t\t\t\t\t\t\t\t\t\t\t\t\t<\/div>\n\t\t\t\t<\/div>\n\t\t\t\t\t<\/div>\n\t\t<\/div>\n\t\t\t\t\t<\/div>\n\t\t<\/section>\n\t\t\t\t<div class=\"elementor-element elementor-element-d3ddbbd elementor-widget elementor-widget-text-editor\" data-id=\"d3ddbbd\" data-element_type=\"widget\" data-e-type=\"widget\" data-widget_type=\"text-editor.default\">\n\t\t\t\t<div class=\"elementor-widget-container\">\n\t\t\t\t\t\t\t\t\t<p>Eine Kopie deiner Stimmabgabe wurde dir soeben an die von dir hinterlegte E-Mail-Adresse \u00fcbersendet. Bitte pr\u00fcfe deinen Posteingang.<\/p>\t\t\t\t\t\t\t\t<\/div>\n\t\t\t\t<\/div>\n\t\t\t\t\t<\/div>\n\t\t<\/div>\n\t\t\t\t\t<\/div>\n\t\t<\/section>\n\t\t\t\t<\/div>\n\t\t","protected":false},"excerpt":{"rendered":"<p>Deine Stimmabgabe wurde \u00fcbermittelt. Eine Kopie deiner Stimmabgabe wurde dir soeben an die von dir hinterlegte E-Mail-Adresse \u00fcbersendet. Bitte pr\u00fcfe deinen Posteingang.<\/p>\n","protected":false},"author":3,"featured_media":6167,"parent":0,"menu_order":0,"comment_status":"closed","ping_status":"closed","template":"","meta":{"footnotes":""},"class_list":["post-7761","page","type-page","status-publish","has-post-thumbnail","hentry"],"aioseo_notices":[],"_links":{"self":[{"href":"https:\/\/www.freimaurer.org\/en\/wp-json\/wp\/v2\/pages\/7761","targetHints":{"allow":["GET"]}}],"collection":[{"href":"https:\/\/www.freimaurer.org\/en\/wp-json\/wp\/v2\/pages"}],"about":[{"href":"https:\/\/www.freimaurer.org\/en\/wp-json\/wp\/v2\/types\/page"}],"author":[{"embeddable":true,"href":"https:\/\/www.freimaurer.org\/en\/wp-json\/wp\/v2\/users\/3"}],"replies":[{"embeddable":true,"href":"https:\/\/www.freimaurer.org\/en\/wp-json\/wp\/v2\/comments?post=7761"}],"version-history":[{"count":5,"href":"https:\/\/www.freimaurer.org\/en\/wp-json\/wp\/v2\/pages\/7761\/revisions"}],"predecessor-version":[{"id":8911,"href":"https:\/\/www.freimaurer.org\/en\/wp-json\/wp\/v2\/pages\/7761\/revisions\/8911"}],"wp:featuredmedia":[{"embeddable":true,"href":"https:\/\/www.freimaurer.org\/en\/wp-json\/wp\/v2\/media\/6167"}],"wp:attachment":[{"href":"https:\/\/www.freimaurer.org\/en\/wp-json\/wp\/v2\/media?parent=7761"}],"curies":[{"name":"wp","href":"https:\/\/api.w.org\/{rel}","templated":true}]}}