{"id":9084,"date":"2024-12-20T09:27:38","date_gmt":"2024-12-20T08:27:38","guid":{"rendered":"https:\/\/www.freimaurer.org\/?page_id=9084"},"modified":"2025-01-20T10:34:15","modified_gmt":"2025-01-20T09:34:15","slug":"digitales-jahrbuch-bestaetigung","status":"publish","type":"page","link":"https:\/\/www.freimaurer.org\/en\/digitales-jahrbuch-bestaetigung\/","title":{"rendered":"Best\u00e4tigungsseite &#8211; Digitales Jahrbuch"},"content":{"rendered":"\t\t<div data-elementor-type=\"wp-page\" data-elementor-id=\"9084\" class=\"elementor elementor-9084\" data-elementor-post-type=\"page\">\n\t\t\t\t\t\t<section class=\"elementor-section elementor-top-section elementor-element elementor-element-b1f62f9 elementor-section-boxed elementor-section-height-default elementor-section-height-default\" data-id=\"b1f62f9\" data-element_type=\"section\" data-e-type=\"section\" data-settings=\"{&quot;background_background&quot;:&quot;classic&quot;}\">\n\t\t\t\t\t\t<div class=\"elementor-container elementor-column-gap-default\">\n\t\t\t\t\t<div class=\"elementor-column elementor-col-100 elementor-top-column elementor-element elementor-element-2858df0\" data-id=\"2858df0\" data-element_type=\"column\" data-e-type=\"column\" data-settings=\"{&quot;background_background&quot;:&quot;classic&quot;}\">\n\t\t\t<div class=\"elementor-widget-wrap elementor-element-populated\">\n\t\t\t\t\t\t<section class=\"elementor-section elementor-inner-section elementor-element elementor-element-f3ad6d9 elementor-section-boxed elementor-section-height-default elementor-section-height-default\" data-id=\"f3ad6d9\" data-element_type=\"section\" data-e-type=\"section\">\n\t\t\t\t\t\t<div class=\"elementor-container elementor-column-gap-default\">\n\t\t\t\t\t<div class=\"elementor-column elementor-col-100 elementor-inner-column elementor-element elementor-element-de0d923\" data-id=\"de0d923\" data-element_type=\"column\" data-e-type=\"column\">\n\t\t\t<div class=\"elementor-widget-wrap elementor-element-populated\">\n\t\t\t\t\t\t<div class=\"elementor-element elementor-element-bb552df x-bg elementor-widget-mobile__width-initial elementor-widget elementor-widget-heading\" data-id=\"bb552df\" data-element_type=\"widget\" data-e-type=\"widget\" data-widget_type=\"heading.default\">\n\t\t\t\t<div class=\"elementor-widget-container\">\n\t\t\t\t\t<h1 class=\"elementor-heading-title elementor-size-default\">Deine Benutzerdaten f\u00fcr das Jahrbuch wurden erfolgreich an uns \u00fcbermittelt.<\/h1>\t\t\t\t<\/div>\n\t\t\t\t<\/div>\n\t\t\t\t<div class=\"elementor-element elementor-element-46dadaa elementor-widget__width-initial elementor-widget-mobile__width-initial animated-fast elementor-invisible elementor-widget elementor-widget-image\" data-id=\"46dadaa\" data-element_type=\"widget\" data-e-type=\"widget\" data-settings=\"{&quot;_animation&quot;:&quot;fadeIn&quot;}\" data-widget_type=\"image.default\">\n\t\t\t\t<div class=\"elementor-widget-container\">\n\t\t\t\t\t\t\t\t\t\t\t\t\t\t\t<img fetchpriority=\"high\" decoding=\"async\" width=\"800\" height=\"532\" src=\"data:image\/gif;base64,R0lGODlhAQABAIAAAAAAAP\/\/\/yH5BAEAAAAALAAAAAABAAEAAAIBRAA7\" data-src=\"https:\/\/www.freimaurer.org\/wp-content\/uploads\/2024\/05\/undraw_folder_files_re_2cbm.png\" class=\"attachment-large size-large wp-image-7597 lazyload\" alt=\"\" data-srcset=\"https:\/\/www.freimaurer.org\/wp-content\/uploads\/2024\/05\/undraw_folder_files_re_2cbm.png 866w, https:\/\/www.freimaurer.org\/wp-content\/uploads\/2024\/05\/undraw_folder_files_re_2cbm-300x200.png 300w, https:\/\/www.freimaurer.org\/wp-content\/uploads\/2024\/05\/undraw_folder_files_re_2cbm-768x511.png 768w\" sizes=\"(max-width: 800px) 100vw, 800px\" \/><noscript><img decoding=\"async\" width=\"800\" height=\"532\" src=\"https:\/\/www.freimaurer.org\/wp-content\/uploads\/2024\/05\/undraw_folder_files_re_2cbm.png\" class=\"attachment-large size-large wp-image-7597 lazyload\" alt=\"\" srcset=\"https:\/\/www.freimaurer.org\/wp-content\/uploads\/2024\/05\/undraw_folder_files_re_2cbm.png 866w, https:\/\/www.freimaurer.org\/wp-content\/uploads\/2024\/05\/undraw_folder_files_re_2cbm-300x200.png 300w, https:\/\/www.freimaurer.org\/wp-content\/uploads\/2024\/05\/undraw_folder_files_re_2cbm-768x511.png 768w\" sizes=\"(max-width: 800px) 100vw, 800px\" \/><\/noscript>\t\t\t\t\t\t\t\t\t\t\t\t\t\t\t<\/div>\n\t\t\t\t<\/div>\n\t\t\t\t\t<\/div>\n\t\t<\/div>\n\t\t\t\t\t<\/div>\n\t\t<\/section>\n\t\t\t\t<div class=\"elementor-element elementor-element-d3ddbbd elementor-hidden-mobile elementor-widget elementor-widget-text-editor\" data-id=\"d3ddbbd\" data-element_type=\"widget\" data-e-type=\"widget\" data-widget_type=\"text-editor.default\">\n\t\t\t\t<div class=\"elementor-widget-container\">\n\t\t\t\t\t\t\t\t\t<p>Die Benutzerkonten werden in K\u00fcrze erstellt und in den n\u00e4chsten Wochen an den Ansprechpartner Deiner Loge versendet. Weitere Informationen wurden soeben an die hinterlegte Email-Adresse versendet.<\/p>\t\t\t\t\t\t\t\t<\/div>\n\t\t\t\t<\/div>\n\t\t\t\t<div class=\"elementor-element elementor-element-efe0875 elementor-hidden-desktop elementor-hidden-tablet elementor-widget elementor-widget-text-editor\" data-id=\"efe0875\" data-element_type=\"widget\" data-e-type=\"widget\" data-widget_type=\"text-editor.default\">\n\t\t\t\t<div class=\"elementor-widget-container\">\n\t\t\t\t\t\t\t\t\t<p>Die Benutzerkonten werden in K\u00fcrze erstellt und in den n\u00e4chsten Wochen an den Ansprechpartner Deiner Loge versendet.\u00a0<\/p><p>Weitere Informationen wurden soeben an die hinterlegte Email-Adresse versendet.<\/p>\t\t\t\t\t\t\t\t<\/div>\n\t\t\t\t<\/div>\n\t\t\t\t\t<\/div>\n\t\t<\/div>\n\t\t\t\t\t<\/div>\n\t\t<\/section>\n\t\t\t\t<\/div>\n\t\t","protected":false},"excerpt":{"rendered":"<p>Deine Benutzerdaten f\u00fcr das Jahrbuch wurden erfolgreich an uns \u00fcbermittelt. Die Benutzerkonten werden in K\u00fcrze erstellt und in den n\u00e4chsten Wochen an den Ansprechpartner Deiner Loge versendet. Weitere Informationen wurden soeben an die hinterlegte Email-Adresse versendet. Die Benutzerkonten werden in K\u00fcrze erstellt und in den n\u00e4chsten Wochen an den Ansprechpartner Deiner Loge versendet. Weitere Informationen [&hellip;]<\/p>\n","protected":false},"author":3,"featured_media":6167,"parent":0,"menu_order":0,"comment_status":"closed","ping_status":"closed","template":"","meta":{"footnotes":""},"class_list":["post-9084","page","type-page","status-publish","has-post-thumbnail","hentry"],"aioseo_notices":[],"_links":{"self":[{"href":"https:\/\/www.freimaurer.org\/en\/wp-json\/wp\/v2\/pages\/9084","targetHints":{"allow":["GET"]}}],"collection":[{"href":"https:\/\/www.freimaurer.org\/en\/wp-json\/wp\/v2\/pages"}],"about":[{"href":"https:\/\/www.freimaurer.org\/en\/wp-json\/wp\/v2\/types\/page"}],"author":[{"embeddable":true,"href":"https:\/\/www.freimaurer.org\/en\/wp-json\/wp\/v2\/users\/3"}],"replies":[{"embeddable":true,"href":"https:\/\/www.freimaurer.org\/en\/wp-json\/wp\/v2\/comments?post=9084"}],"version-history":[{"count":149,"href":"https:\/\/www.freimaurer.org\/en\/wp-json\/wp\/v2\/pages\/9084\/revisions"}],"predecessor-version":[{"id":9265,"href":"https:\/\/www.freimaurer.org\/en\/wp-json\/wp\/v2\/pages\/9084\/revisions\/9265"}],"wp:featuredmedia":[{"embeddable":true,"href":"https:\/\/www.freimaurer.org\/en\/wp-json\/wp\/v2\/media\/6167"}],"wp:attachment":[{"href":"https:\/\/www.freimaurer.org\/en\/wp-json\/wp\/v2\/media?parent=9084"}],"curies":[{"name":"wp","href":"https:\/\/api.w.org\/{rel}","templated":true}]}}